{"id":26,"date":"2019-10-02T23:14:50","date_gmt":"2019-10-02T21:14:50","guid":{"rendered":"http:\/\/salonquentindesmars.com\/?page_id=26"},"modified":"2025-11-03T14:06:10","modified_gmt":"2025-11-03T13:06:10","slug":"contact","status":"publish","type":"page","link":"https:\/\/salonquentindesmars.com\/index.php\/contact\/","title":{"rendered":"Prendre rendez-vous"},"content":{"rendered":"\t\t<div data-elementor-type=\"wp-page\" data-elementor-id=\"26\" class=\"elementor elementor-26\" data-elementor-settings=\"[]\">\n\t\t\t\t\t\t\t<div class=\"elementor-section-wrap\">\n\t\t\t\t\t\t\t<section class=\"elementor-section elementor-top-section elementor-element elementor-element-5e3cf922 elementor-section-boxed elementor-section-height-default elementor-section-height-default\" data-id=\"5e3cf922\" data-element_type=\"section\">\n\t\t\t\t\t\t<div class=\"elementor-container elementor-column-gap-default\">\n\t\t\t\t\t<div class=\"elementor-column elementor-col-100 elementor-top-column elementor-element elementor-element-78573f23\" data-id=\"78573f23\" data-element_type=\"column\">\n\t\t\t<div class=\"elementor-widget-wrap elementor-element-populated\">\n\t\t\t\t\t\t\t\t<div class=\"elementor-element elementor-element-897ba1f elementor-widget elementor-widget-text-editor\" data-id=\"897ba1f\" data-element_type=\"widget\" data-widget_type=\"text-editor.default\">\n\t\t\t\t<div class=\"elementor-widget-container\">\n\t\t\t\t\t\t\t\t<!-- wp:paragraph {\"align\":\"center\"} -->\n<p class=\"has-text-align-center\">R\u00e9servez en ligne votre moment coiffure au salon Quentin Desmars.<\/p>\n<!-- \/wp:paragraph --><!-- wp:image {\"align\":\"center\",\"id\":260,\"sizeSlug\":\"large\"} -->\n<figure class=\"wp-block-image aligncenter size-large\"><img loading=\"lazy\" decoding=\"async\" width=\"1024\" height=\"683\" class=\"wp-image-260\" src=\"https:\/\/salonquentindesmars.com\/wp-content\/uploads\/2019\/10\/DSC_0061-1024x683.jpg\" alt=\"\" srcset=\"https:\/\/salonquentindesmars.com\/wp-content\/uploads\/2019\/10\/DSC_0061-1024x683.jpg 1024w, https:\/\/salonquentindesmars.com\/wp-content\/uploads\/2019\/10\/DSC_0061-300x200.jpg 300w, https:\/\/salonquentindesmars.com\/wp-content\/uploads\/2019\/10\/DSC_0061-768x512.jpg 768w\" sizes=\"auto, (max-width: 767px) 89vw, (max-width: 1000px) 54vw, (max-width: 1071px) 543px, 580px\" \/><\/figure>\n<!-- \/wp:image --><!-- wp:paragraph {\"align\":\"center\",\"style\":{\"elements\":{\"link\":{\"color\":{\"text\":\"var:preset|color|luminous-vivid-amber\"}}}},\"textColor\":\"luminous-vivid-amber\"} --><!-- \/wp:paragraph --><!-- wp:paragraph {\"align\":\"center\"} --><!-- \/wp:paragraph --><!-- wp:paragraph {\"align\":\"center\"} --><!-- \/wp:paragraph --><!-- wp:paragraph {\"align\":\"center\"} -->\n<p class=\"has-text-align-center\">Vous souhaitez faire des m\u00e8ches ou des balayages ? <br \/>La prise de rendez-vous se fait uniquement par t\u00e9l\u00e9phone : Par t\u00e9l\u00e9phone au\u00a0 02.41.27.69.45<\/p>\n<!-- \/wp:paragraph --><!-- wp:paragraph --><!-- \/wp:paragraph -->\t\t\t\t\t\t<\/div>\n\t\t\t\t<\/div>\n\t\t\t\t\t<\/div>\n\t\t<\/div>\n\t\t\t\t\t\t\t<\/div>\n\t\t<\/section>\n\t\t\t\t<section class=\"elementor-section elementor-top-section elementor-element elementor-element-b7d4304 elementor-section-boxed elementor-section-height-default elementor-section-height-default\" data-id=\"b7d4304\" data-element_type=\"section\">\n\t\t\t\t\t\t<div class=\"elementor-container elementor-column-gap-default\">\n\t\t\t\t\t<div class=\"elementor-column elementor-col-100 elementor-top-column elementor-element elementor-element-47386a0\" data-id=\"47386a0\" data-element_type=\"column\">\n\t\t\t<div class=\"elementor-widget-wrap elementor-element-populated\">\n\t\t\t\t\t\t\t\t<div class=\"elementor-element elementor-element-c7e5e86 elementor-widget elementor-widget-text-editor\" data-id=\"c7e5e86\" data-element_type=\"widget\" data-widget_type=\"text-editor.default\">\n\t\t\t\t<div class=\"elementor-widget-container\">\n\t\t\t\t\t\t\t\t<div id=\"$myContainerId\"><\/div>\n<script>\n    var container = document.getElementById('$myContainerId');\n    window.planity = {\n        key: '-LsX27xvTn-eEkaiFKx1',\n        primaryColor: '$primaryColor',\n        \/\/ choisissez une des options ci-dessous\n        container: container,\n        \/\/ accountContainer: container,\n        \/\/ appointmentContainer: container,\n        \/\/ giftVoucherContainer: container,\n        \/\/ onlineShopContainer: container\n    };\n<\/script>\n<script src=\"https:\/\/d2skjte8udjqxw.cloudfront.net\/widget\/production\/2\/polyfills.latest.js\"><\/script>\n<script src=\"https:\/\/d2skjte8udjqxw.cloudfront.net\/widget\/production\/2\/app.latest.js\"><\/script>\t\t\t\t\t\t<\/div>\n\t\t\t\t<\/div>\n\t\t\t\t\t<\/div>\n\t\t<\/div>\n\t\t\t\t\t\t\t<\/div>\n\t\t<\/section>\n\t\t\t\t\t\t<\/div>\n\t\t\t\t\t<\/div>\n\t\t","protected":false},"excerpt":{"rendered":"<p>R\u00e9servez en ligne votre moment coiffure au salon Quentin Desmars. Vous souhaitez faire des m\u00e8ches ou des balayages ? La prise de rendez-vous se fait uniquement par t\u00e9l\u00e9phone : Par t\u00e9l\u00e9phone au\u00a0 02.41.27.69.45<\/p>\n","protected":false},"author":1,"featured_media":191,"parent":0,"menu_order":0,"comment_status":"closed","ping_status":"closed","template":"elementor_theme","meta":{"_monsterinsights_skip_tracking":false,"_monsterinsights_sitenote_active":false,"_monsterinsights_sitenote_note":"","_monsterinsights_sitenote_category":0,"footnotes":""},"class_list":["post-26","page","type-page","status-publish","has-post-thumbnail","hentry"],"yoast_head":"<!-- This site is optimized with the Yoast SEO plugin v16.5 - https:\/\/yoast.com\/wordpress\/plugins\/seo\/ -->\n<title>Prendre rendez-vous - Salon Quentin Desmars | coiffeur Angers<\/title>\n<meta name=\"description\" content=\"R\u00e9servez votre rendez-vous coiffeur sur notre plateforme en ligne.\" \/>\n<meta name=\"robots\" content=\"index, follow, max-snippet:-1, max-image-preview:large, max-video-preview:-1\" \/>\n<link rel=\"canonical\" href=\"https:\/\/salonquentindesmars.com\/index.php\/contact\/\" \/>\n<meta property=\"og:locale\" content=\"fr_FR\" \/>\n<meta property=\"og:type\" content=\"article\" \/>\n<meta property=\"og:title\" content=\"Prendre rendez-vous - Salon Quentin Desmars | coiffeur Angers\" \/>\n<meta property=\"og:description\" content=\"R\u00e9servez votre rendez-vous coiffeur sur notre plateforme en ligne.\" \/>\n<meta property=\"og:url\" content=\"https:\/\/salonquentindesmars.com\/index.php\/contact\/\" \/>\n<meta property=\"og:site_name\" content=\"Salon Quentin Desmars | coiffeur Angers\" \/>\n<meta property=\"article:modified_time\" content=\"2025-11-03T13:06:10+00:00\" \/>\n<meta property=\"og:image\" content=\"https:\/\/salonquentindesmars.com\/wp-content\/uploads\/2019\/10\/DSC_0070-683x1024.jpg\" \/>\n\t<meta property=\"og:image:width\" content=\"683\" \/>\n\t<meta property=\"og:image:height\" content=\"1024\" \/>\n<meta name=\"twitter:card\" content=\"summary_large_image\" \/>\n<meta name=\"twitter:label1\" content=\"Dur\u00e9e de lecture est.\" \/>\n\t<meta name=\"twitter:data1\" content=\"1 minute\" \/>\n<script type=\"application\/ld+json\" class=\"yoast-schema-graph\">{\"@context\":\"https:\/\/schema.org\",\"@graph\":[{\"@type\":\"WebSite\",\"@id\":\"https:\/\/salonquentindesmars.com\/#website\",\"url\":\"https:\/\/salonquentindesmars.com\/\",\"name\":\"Salon Quentin Desmars | coiffeur Angers\",\"description\":\"R\\u00e9veillez l\\u2019\\u00e9l\\u00e9gance qui est en vous !\",\"potentialAction\":[{\"@type\":\"SearchAction\",\"target\":\"https:\/\/salonquentindesmars.com\/?s={search_term_string}\",\"query-input\":\"required name=search_term_string\"}],\"inLanguage\":\"fr-FR\"},{\"@type\":\"ImageObject\",\"@id\":\"https:\/\/salonquentindesmars.com\/index.php\/contact\/#primaryimage\",\"inLanguage\":\"fr-FR\",\"url\":\"https:\/\/salonquentindesmars.com\/wp-content\/uploads\/2019\/10\/DSC_0070.jpg\",\"contentUrl\":\"https:\/\/salonquentindesmars.com\/wp-content\/uploads\/2019\/10\/DSC_0070.jpg\",\"width\":4000,\"height\":6000},{\"@type\":\"WebPage\",\"@id\":\"https:\/\/salonquentindesmars.com\/index.php\/contact\/#webpage\",\"url\":\"https:\/\/salonquentindesmars.com\/index.php\/contact\/\",\"name\":\"Prendre rendez-vous - Salon Quentin Desmars | coiffeur Angers\",\"isPartOf\":{\"@id\":\"https:\/\/salonquentindesmars.com\/#website\"},\"primaryImageOfPage\":{\"@id\":\"https:\/\/salonquentindesmars.com\/index.php\/contact\/#primaryimage\"},\"datePublished\":\"2019-10-02T21:14:50+00:00\",\"dateModified\":\"2025-11-03T13:06:10+00:00\",\"description\":\"R\\u00e9servez votre rendez-vous coiffeur sur notre plateforme en ligne.\",\"breadcrumb\":{\"@id\":\"https:\/\/salonquentindesmars.com\/index.php\/contact\/#breadcrumb\"},\"inLanguage\":\"fr-FR\",\"potentialAction\":[{\"@type\":\"ReadAction\",\"target\":[\"https:\/\/salonquentindesmars.com\/index.php\/contact\/\"]}]},{\"@type\":\"BreadcrumbList\",\"@id\":\"https:\/\/salonquentindesmars.com\/index.php\/contact\/#breadcrumb\",\"itemListElement\":[{\"@type\":\"ListItem\",\"position\":1,\"name\":\"Accueil\",\"item\":\"https:\/\/salonquentindesmars.com\/\"},{\"@type\":\"ListItem\",\"position\":2,\"name\":\"Prendre rendez-vous\"}]}]}<\/script>\n<!-- \/ Yoast SEO plugin. -->","_links":{"self":[{"href":"https:\/\/salonquentindesmars.com\/index.php\/wp-json\/wp\/v2\/pages\/26","targetHints":{"allow":["GET"]}}],"collection":[{"href":"https:\/\/salonquentindesmars.com\/index.php\/wp-json\/wp\/v2\/pages"}],"about":[{"href":"https:\/\/salonquentindesmars.com\/index.php\/wp-json\/wp\/v2\/types\/page"}],"author":[{"embeddable":true,"href":"https:\/\/salonquentindesmars.com\/index.php\/wp-json\/wp\/v2\/users\/1"}],"replies":[{"embeddable":true,"href":"https:\/\/salonquentindesmars.com\/index.php\/wp-json\/wp\/v2\/comments?post=26"}],"version-history":[{"count":36,"href":"https:\/\/salonquentindesmars.com\/index.php\/wp-json\/wp\/v2\/pages\/26\/revisions"}],"predecessor-version":[{"id":420,"href":"https:\/\/salonquentindesmars.com\/index.php\/wp-json\/wp\/v2\/pages\/26\/revisions\/420"}],"wp:featuredmedia":[{"embeddable":true,"href":"https:\/\/salonquentindesmars.com\/index.php\/wp-json\/wp\/v2\/media\/191"}],"wp:attachment":[{"href":"https:\/\/salonquentindesmars.com\/index.php\/wp-json\/wp\/v2\/media?parent=26"}],"curies":[{"name":"wp","href":"https:\/\/api.w.org\/{rel}","templated":true}]}}